{"id":12,"date":"2016-05-27T18:11:13","date_gmt":"2016-05-27T16:11:13","guid":{"rendered":"http:\/\/stellbrink-partner.com\/site\/?page_id=12"},"modified":"2022-02-11T11:00:17","modified_gmt":"2022-02-11T10:00:17","slug":"impressum-legal-notice","status":"publish","type":"page","link":"https:\/\/stellbrink-partner.com\/site\/impressum-legal-notice\/","title":{"rendered":"Impressum \/ Legal Notice"},"content":{"rendered":"<h1>Impressum \/ Legal Notice<\/h1>\n<div class=\"wc-shortcodes-row wc-shortcodes-item wc-shortcodes-clearfix\">\n<div class=\"wc-shortcodes-column wc-shortcodes-content wc-shortcodes-one-half wc-shortcodes-column-first \">\n<h6>Partner: Axel Stellbrink, Simon Michels<\/h6>\n<p>Widenmayerstra\u00dfe 10<br \/>\n80538 M\u00fcnchen<br \/>\nTel.: +49 89 41112880<br \/>\nEmail:&nbsp;&nbsp; &nbsp;<a href=\"mailto:mail@stellbrink-partner.com\">mail@stellbrink-partner.com<\/a><\/p>\n<\/div>\n<div class=\"wc-shortcodes-column wc-shortcodes-content wc-shortcodes-one-half wc-shortcodes-column-last \">\n<h6>Stellbrink &amp; Partner Patentanw\u00e4lte mbB<\/h6>\n<p>Partnerschaftsgesellschaft mbB<br \/>\nSitz: M\u00fcnchen<br \/>\nAmtsgericht M\u00fcnchen, Nummer:&nbsp;PR 1555<br \/>\nUSt-ID: DE 305 677 242<\/p>\n<\/div>\n<\/div>\n<p style=\"text-align: justify\">Die Patentanw\u00e4lte der Kanzlei sind nach dem Recht der Bundesrepublik Deutschland zugelassen und Mitglieder der Patentanwaltskammer M\u00fcnchen, Tal 29, 80331 M\u00fcnchen, Telefon +49 89 2422780, www.patentanwaltskammer.de.<br \/>\nDie europ\u00e4ischen Patentanw\u00e4lte (\u201eEuropean Patent Attorneys\u201c) der Kanzlei sind beim Europ\u00e4ischen Patentamt eingetragen und Mitglieder des Instituts der beim EPA zugelassenen Vertreter (epi), Bayerstra\u00dfe 83, 80335 M\u00fcnchen, Telefon +49 89 242052-0, <a href=\"http:\/\/patentepi.com\/en\/\">www.patentepi.com<\/a>.<\/p>\n<h3 style=\"text-align: justify\">Berufsordnungen<\/h3>\n<p style=\"text-align: justify\">Unsere Patentanw\u00e4lte unterliegen den folgenden berufsrechtlichen Regelungen: Patentanwaltsordnung, Berufsordnung f\u00fcr Patentanw\u00e4lte, FICPI Standesregeln.<\/p>\n<p style=\"text-align: justify\">F\u00fcr unsere europ\u00e4ischen Patentanw\u00e4lte gelten die folgenden berufsrechtlichen Regelungen: Richtlinien des Instituts der beim Europ\u00e4ischen Patentamt zugelassenen Vertreter (epi) f\u00fcr die Berufsaus\u00fcbung, Vorschriften des Verwaltungsrats der Europ\u00e4ischen Patentorganisation \u00fcber Disziplinarangelegenheiten, FICPI Standesregeln.<\/p>\n<p style=\"text-align: justify\">Auf Grund von berufsrechtlichen Regelungen ist es uns verboten, widerstreitende Interessen zu vertreten. Daher pr\u00fcfen wir vor Annahme eines Mandates, ob ein Interessenskonflikt besteht.<\/p>\n<h3 style=\"text-align: justify\">Berufshaftpflichtversicherung<\/h3>\n<p style=\"text-align: justify\">Eine Berufshaftpflichtversicherung mit weltweitem Geltungsbereich besteht bei der ERGO Versicherung AG, Victoriaplatz 1, 40477 D\u00fcsseldorf.<\/p>\n<h3 style=\"text-align: justify\">Haftungsausschluss<\/h3>\n<p style=\"text-align: justify\">Es wird darauf hingewiesen, dass die Inhalte dieser Website lediglich der allgemeinen Information dienen und keine Rechtsberatung darstellen. Wir \u00fcbernehmen keine Verantwortung f\u00fcr Sch\u00e4den, die im Vertrauen auf die Richtigkeit der auf dieser Website gemachten Angaben entstehen k\u00f6nnen.&nbsp; Wir bem\u00fchen uns, die Inhalte unserer Website aktuell und korrekt zu halten, k\u00f6nnen f\u00fcr deren Richtigkeit und Aktualit\u00e4t jedoch keine Haftung \u00fcbernehmen, was ebenso f\u00fcr den Inhalt von verlinkten Websites gilt.<\/p>\n<hr class=\"wc-shortcodes-divider wc-shortcodes-item wc-shortcodes-divider-line-single wc-shortcodes-divider-style-solid \"  \/>\n<div id=\"privacy\">\n<h2 style=\"text-align: justify\">Datenschutzerkl\u00e4rung \/ Privacy Policy<\/h2>\n<h3 style=\"text-align: justify\">Datenschutz<\/h3>\n<p style=\"text-align: justify\">Die Betreiber dieser Seiten nehmen den Schutz Ihrer pers\u00f6nlichen Daten sehr ernst. Wir behandeln Ihre personenbezogenen Daten vertraulich und entsprechend der gesetzlichen Datenschutzvorschriften sowie dieser Datenschutzerkl\u00e4rung.<br \/>\nDie Nutzung unserer Webseite ist in der Regel ohne Angabe personenbezogener Daten m\u00f6glich. Soweit auf unseren Seiten personenbezogene Daten (beispielsweise Name, Anschrift oder E-Mail-Adressen) erhoben werden, erfolgt dies, soweit m\u00f6glich, stets auf freiwilliger Basis. Diese Daten werden ohne Ihre ausdr\u00fcckliche Zustimmung nicht an Dritte weitergegeben.<br \/>\nWir weisen darauf hin, dass die Daten\u00fcbertragung im Internet (z.B. bei der Kommunikation per E-Mail) Sicherheitsl\u00fccken aufweisen kann. Ein l\u00fcckenloser Schutz der Daten vor dem Zugriff durch Dritte ist nicht m\u00f6glich.<\/p>\n<h3 style=\"text-align: justify\">Cookies<\/h3>\n<p style=\"text-align: justify\">Die Internetseiten verwenden teilweise so genannte Cookies. Cookies richten auf Ihrem Rechner keinen Schaden an und enthalten keine Viren. Cookies dienen dazu, unser Angebot nutzerfreundlicher, effektiver und sicherer zu machen. Cookies sind kleine Textdateien, die auf Ihrem Rechner abgelegt werden und die Ihr Browser speichert.<br \/>\nDie meisten der von uns verwendeten Cookies sind so genannte \u201eSession-Cookies\u201c. Sie werden nach Ende Ihres Besuchs automatisch gel\u00f6scht. Andere Cookies bleiben auf Ihrem Endger\u00e4t gespeichert, bis Sie diese l\u00f6schen. Diese Cookies erm\u00f6glichen es uns, Ihren Browser beim n\u00e4chsten Besuch wiederzuerkennen.<br \/>\nSie k\u00f6nnen Ihren Browser so einstellen, dass Sie \u00fcber das Setzen von Cookies informiert werden und Cookies nur im Einzelfall erlauben, die Annahme von Cookies f\u00fcr bestimmte F\u00e4lle oder generell ausschlie\u00dfen sowie das automatische L\u00f6schen der Cookies beim Schlie\u00dfen des Browser aktivieren. Bei der Deaktivierung von Cookies kann die Funktionalit\u00e4t dieser Website eingeschr\u00e4nkt sein.<\/p>\n<h3 style=\"text-align: justify\">Server-Log-Files<\/h3>\n<p style=\"text-align: justify\">Der Provider der Seiten erhebt und speichert automatisch Informationen in so genannten Server-Log Files, die Ihr<\/p>\n<ul>\n<li style=\"text-align: justify\">Browser automatisch an uns \u00fcbermittelt. Dies sind:<\/li>\n<li style=\"text-align: justify\">Browsertyp\/ Browserversion<\/li>\n<li style=\"text-align: justify\">verwendetes Betriebssystem<\/li>\n<li style=\"text-align: justify\">Referrer URL<\/li>\n<li style=\"text-align: justify\">Hostname des zugreifenden Rechners<\/li>\n<li style=\"text-align: justify\">Uhrzeit der Serveranfrage<\/li>\n<\/ul>\n<p style=\"text-align: justify\">Diese Daten sind nicht bestimmten Personen zuordenbar. Eine Zusammenf\u00fchrung dieser Daten mit anderen Datenquellen wird nicht vorgenommen. Wir behalten uns vor, diese Daten nachtr\u00e4glich zu pr\u00fcfen, wenn uns konkrete Anhaltspunkte f\u00fcr eine rechtswidrige Nutzung bekannt werden.<\/p>\n<h3 style=\"text-align: justify\">Kontaktformular<\/h3>\n<p style=\"text-align: justify\">Wenn Sie uns per Kontaktformular Anfragen zukommen lassen, werden Ihre Angaben aus dem Anfrageformular inklusive der von Ihnen dort angegebenen Kontaktdaten zwecks Bearbeitung der Anfrage und f\u00fcr den Fall von Anschlussfragen bei uns gespeichert. Diese Daten geben wir nicht ohne Ihre Einwilligung weiter.<\/p>\n<h3 style=\"text-align: justify\">Newsletterdaten<\/h3>\n<p style=\"text-align: justify\">Wenn Sie den auf der Webseite angebotenen Newsletter beziehen m\u00f6chten, ben\u00f6tigen wir von Ihnen eine E-Mail-Adresse sowie Informationen, welche uns die \u00dcberpr\u00fcfung gestatten, dass Sie der Inhaber der angegebenen E-Mail-Adresse sind und mit dem Empfang des Newsletters einverstanden sind. Weitere Daten werden nicht erhoben. Diese Daten verwenden wir ausschlie\u00dflich f\u00fcr den Versand der angeforderten Informationen und geben sie nicht an Dritte weiter.<br \/>\nDie erteilte Einwilligung zur Speicherung der Daten, der E-Mail-Adresse sowie deren Nutzung zum Versand des Newsletters k\u00f6nnen Sie jederzeit widerrufen , etwa \u00fcber den \u201eAustragen\u201c-Link im Newsletter.<\/p>\n<h3 style=\"text-align: justify\">Datenschutzerkl\u00e4rung f\u00fcr die Nutzung von Google Analytics<\/h3>\n<p style=\"text-align: justify\">Diese Website nutzt Funktionen des&nbsp; Webanalysedienstes Google Analytics. Anbieter ist die Google Inc. 1600 Amphitheatre Parkway Mountain View, CA 94043, USA. Google Analytics verwendet sog. &#8220;Cookies&#8221;. Das sind Textdateien, die auf Ihrem Computer gespeichert werden und die eine Analyse der Benutzung der Website durch Sie erm\u00f6glichen. Die durch den Cookie erzeugten Informationen \u00fcber Ihre Benutzung dieser Website werden in der Regel an einen Server von Google in den USA \u00fcbertragen und dort gespeichert.<br \/>\nIm Falle der Aktivierung der IP-Anonymisierung auf dieser Webseite wird Ihre IP-Adresse von Google jedoch innerhalb von Mitgliedstaaten der Europ\u00e4ischen Union oder in anderen Vertragsstaaten des Abkommens \u00fcber den Europ\u00e4ischen Wirtschaftsraum zuvor gek\u00fcrzt. Nur in Ausnahmef\u00e4llen wird die volle IP-Adresse an einen Server von Google in den USA \u00fcbertragen und dort gek\u00fcrzt. Im Auftrag des Betreibers dieser Website wird Google diese Informationen benutzen, um Ihre Nutzung der Website auszuwerten, um Reports \u00fcber die Websiteaktivit\u00e4ten zusammenzustellen und um weitere mit der Websitenutzung und der Internetnutzung verbundene Dienstleistungen gegen\u00fcber dem Websitebetreiber zu erbringen. Die im Rahmen von Google Analytics von Ihrem Browser \u00fcbermittelte IP-Adresse wird nicht mit anderen Daten von Google zusammengef\u00fchrt.<br \/>\nSie k\u00f6nnen die Speicherung der Cookies durch eine entsprechende Einstellung Ihrer Browser-Software verhindern; wir weisen Sie jedoch darauf hin, dass Sie in diesem Fall gegebenenfalls nicht s\u00e4mtliche Funktionen dieser Website vollumf\u00e4nglich werden nutzen k\u00f6nnen. Sie k\u00f6nnen dar\u00fcber hinaus die Erfassung der durch das Cookie erzeugten und auf Ihre Nutzung der Website bezogenen Daten (inkl. Ihrer IP-Adresse) an Google sowie die Verarbeitung dieser Daten durch Google verhindern, indem sie das unter dem folgenden Link verf\u00fcgbare Browser-Plugin herunterladen und installieren: <a href=\"http:\/\/tools.google.com\/dlpage\/gaoptout?hl=de\">http:\/\/tools.google.com\/dlpage\/gaoptout?hl=de<\/a><\/p>\n<h3 style=\"text-align: justify\">Auskunft, L\u00f6schung, Sperrung<\/h3>\n<p style=\"text-align: justify\">Sie haben jederzeit das Recht auf unentgeltliche Auskunft \u00fcber Ihre gespeicherten personenbezogenen Daten, deren Herkunft und Empf\u00e4nger und den Zweck der Datenverarbeitung sowie ein Recht auf Berichtigung, Sperrung oder L\u00f6schung dieser Daten. Hierzu sowie zu weiteren Fragen zum Thema personenbezogene Daten k\u00f6nnen Sie sich jederzeit unter der im Impressum angegebenen Adresse an uns wenden.<\/p>\n<h3 style=\"text-align: justify\">Widerspruch Werbe-Mails<\/h3>\n<p style=\"text-align: justify\">Der Nutzung von im Rahmen der Impressumspflicht ver\u00f6ffentlichten Kontaktdaten zur \u00dcbersendung von nicht ausdr\u00fccklich angeforderter Werbung und Informationsmaterialien wird hiermit widersprochen. Die Betreiber der Seiten behalten sich ausdr\u00fccklich rechtliche Schritte im Falle der unverlangten Zusendung von Werbeinformationen, etwa durch Spam-E-Mails, vor.<\/p>\n<p style=\"text-align: justify\">Quellenangabe:<a href=\"https:\/\/www.e-recht24.de\"> https:\/\/www.e-recht24.de<\/a><\/p>\n<p style=\"text-align: justify\"><hr class=\"wc-shortcodes-divider wc-shortcodes-item wc-shortcodes-divider-line-single wc-shortcodes-divider-style-solid \" style=\"margin-bottom: 30px;margin-top: 10px;\" \/><\/p>\n<h3 style=\"text-align: justify\">Mitarbeiterfotos<\/h3>\n<p>Die Bilder wurden von der Fotografin Susie Knoll gemacht.<\/p>\n<\/div>\n","protected":false},"excerpt":{"rendered":"<p>Impressum \/ Legal Notice Partner: Axel Stellbrink, Simon Michels Widenmayerstra\u00dfe 10 80538 M\u00fcnchen Tel.: +49 89 41112880 Email:&nbsp;&nbsp; &nbsp;mail@stellbrink-partner.com Stellbrink &amp; Partner Patentanw\u00e4lte mbB Partnerschaftsgesellschaft mbB Sitz: M\u00fcnchen Amtsgericht M\u00fcnchen, Nummer:&nbsp;PR 1555 USt-ID: DE 305 677 242 Die Patentanw\u00e4lte der Kanzlei sind nach dem Recht der Bundesrepublik Deutschland&hellip; <span class=\"read-btn\"><a class=\"read-more\" href=\"https:\/\/stellbrink-partner.com\/site\/impressum-legal-notice\/\">Read More<\/a><\/span><\/p>\n","protected":false},"author":1,"featured_media":0,"parent":0,"menu_order":0,"comment_status":"closed","ping_status":"closed","template":"","meta":{"inline_featured_image":false,"footnotes":""},"class_list":["post-12","page","type-page","status-publish","hentry"],"yoast_head":"<!-- This site is optimized with the Yoast SEO plugin v26.8 - https:\/\/yoast.com\/product\/yoast-seo-wordpress\/ -->\n<title>Impressum \/ Legal Notice - Stellbrink &amp; Partner Patentanw\u00e4lte<\/title>\n<meta name=\"robots\" content=\"index, follow, max-snippet:-1, max-image-preview:large, max-video-preview:-1\" \/>\n<link rel=\"canonical\" href=\"https:\/\/stellbrink-partner.com\/site\/impressum-legal-notice\/\" \/>\n<meta property=\"og:locale\" content=\"de_DE\" \/>\n<meta property=\"og:type\" content=\"article\" \/>\n<meta property=\"og:title\" content=\"Impressum \/ Legal Notice - Stellbrink &amp; Partner Patentanw\u00e4lte\" \/>\n<meta property=\"og:description\" content=\"Impressum \/ Legal Notice Partner: Axel Stellbrink, Simon Michels Widenmayerstra\u00dfe 10 80538 M\u00fcnchen Tel.: +49 89 41112880 Email:&nbsp;&nbsp; &nbsp;mail@stellbrink-partner.com Stellbrink &amp; Partner Patentanw\u00e4lte mbB Partnerschaftsgesellschaft mbB Sitz: M\u00fcnchen Amtsgericht M\u00fcnchen, Nummer:&nbsp;PR 1555 USt-ID: DE 305 677 242 Die Patentanw\u00e4lte der Kanzlei sind nach dem Recht der Bundesrepublik Deutschland&hellip; Read More\" \/>\n<meta property=\"og:url\" content=\"https:\/\/stellbrink-partner.com\/site\/impressum-legal-notice\/\" \/>\n<meta property=\"og:site_name\" content=\"Stellbrink &amp; Partner Patentanw\u00e4lte\" \/>\n<meta property=\"article:modified_time\" content=\"2022-02-11T10:00:17+00:00\" \/>\n<meta name=\"twitter:card\" content=\"summary_large_image\" \/>\n<meta name=\"twitter:label1\" content=\"Gesch\u00e4tzte Lesezeit\" \/>\n\t<meta name=\"twitter:data1\" content=\"6\u00a0Minuten\" \/>\n<script type=\"application\/ld+json\" class=\"yoast-schema-graph\">{\"@context\":\"https:\/\/schema.org\",\"@graph\":[{\"@type\":\"WebPage\",\"@id\":\"https:\/\/stellbrink-partner.com\/site\/impressum-legal-notice\/\",\"url\":\"https:\/\/stellbrink-partner.com\/site\/impressum-legal-notice\/\",\"name\":\"Impressum \/ Legal Notice - Stellbrink &amp; Partner Patentanw\u00e4lte\",\"isPartOf\":{\"@id\":\"https:\/\/stellbrink-partner.com\/site\/#website\"},\"datePublished\":\"2016-05-27T16:11:13+00:00\",\"dateModified\":\"2022-02-11T10:00:17+00:00\",\"breadcrumb\":{\"@id\":\"https:\/\/stellbrink-partner.com\/site\/impressum-legal-notice\/#breadcrumb\"},\"inLanguage\":\"de\",\"potentialAction\":[{\"@type\":\"ReadAction\",\"target\":[\"https:\/\/stellbrink-partner.com\/site\/impressum-legal-notice\/\"]}]},{\"@type\":\"BreadcrumbList\",\"@id\":\"https:\/\/stellbrink-partner.com\/site\/impressum-legal-notice\/#breadcrumb\",\"itemListElement\":[{\"@type\":\"ListItem\",\"position\":1,\"name\":\"Home\",\"item\":\"https:\/\/stellbrink-partner.com\/site\/\"},{\"@type\":\"ListItem\",\"position\":2,\"name\":\"Impressum \/ Legal Notice\"}]},{\"@type\":\"WebSite\",\"@id\":\"https:\/\/stellbrink-partner.com\/site\/#website\",\"url\":\"https:\/\/stellbrink-partner.com\/site\/\",\"name\":\"Stellbrink &amp; Partner Patentanw\u00e4lte\",\"description\":\"Patentanw\u00e4lte  mbB\",\"potentialAction\":[{\"@type\":\"SearchAction\",\"target\":{\"@type\":\"EntryPoint\",\"urlTemplate\":\"https:\/\/stellbrink-partner.com\/site\/?s={search_term_string}\"},\"query-input\":{\"@type\":\"PropertyValueSpecification\",\"valueRequired\":true,\"valueName\":\"search_term_string\"}}],\"inLanguage\":\"de\"}]}<\/script>\n<!-- \/ Yoast SEO plugin. -->","yoast_head_json":{"title":"Impressum \/ Legal Notice - Stellbrink &amp; Partner Patentanw\u00e4lte","robots":{"index":"index","follow":"follow","max-snippet":"max-snippet:-1","max-image-preview":"max-image-preview:large","max-video-preview":"max-video-preview:-1"},"canonical":"https:\/\/stellbrink-partner.com\/site\/impressum-legal-notice\/","og_locale":"de_DE","og_type":"article","og_title":"Impressum \/ Legal Notice - Stellbrink &amp; Partner Patentanw\u00e4lte","og_description":"Impressum \/ Legal Notice Partner: Axel Stellbrink, Simon Michels Widenmayerstra\u00dfe 10 80538 M\u00fcnchen Tel.: +49 89 41112880 Email:&nbsp;&nbsp; &nbsp;mail@stellbrink-partner.com Stellbrink &amp; Partner Patentanw\u00e4lte mbB Partnerschaftsgesellschaft mbB Sitz: M\u00fcnchen Amtsgericht M\u00fcnchen, Nummer:&nbsp;PR 1555 USt-ID: DE 305 677 242 Die Patentanw\u00e4lte der Kanzlei sind nach dem Recht der Bundesrepublik Deutschland&hellip; Read More","og_url":"https:\/\/stellbrink-partner.com\/site\/impressum-legal-notice\/","og_site_name":"Stellbrink &amp; Partner Patentanw\u00e4lte","article_modified_time":"2022-02-11T10:00:17+00:00","twitter_card":"summary_large_image","twitter_misc":{"Gesch\u00e4tzte Lesezeit":"6\u00a0Minuten"},"schema":{"@context":"https:\/\/schema.org","@graph":[{"@type":"WebPage","@id":"https:\/\/stellbrink-partner.com\/site\/impressum-legal-notice\/","url":"https:\/\/stellbrink-partner.com\/site\/impressum-legal-notice\/","name":"Impressum \/ Legal Notice - Stellbrink &amp; Partner Patentanw\u00e4lte","isPartOf":{"@id":"https:\/\/stellbrink-partner.com\/site\/#website"},"datePublished":"2016-05-27T16:11:13+00:00","dateModified":"2022-02-11T10:00:17+00:00","breadcrumb":{"@id":"https:\/\/stellbrink-partner.com\/site\/impressum-legal-notice\/#breadcrumb"},"inLanguage":"de","potentialAction":[{"@type":"ReadAction","target":["https:\/\/stellbrink-partner.com\/site\/impressum-legal-notice\/"]}]},{"@type":"BreadcrumbList","@id":"https:\/\/stellbrink-partner.com\/site\/impressum-legal-notice\/#breadcrumb","itemListElement":[{"@type":"ListItem","position":1,"name":"Home","item":"https:\/\/stellbrink-partner.com\/site\/"},{"@type":"ListItem","position":2,"name":"Impressum \/ Legal Notice"}]},{"@type":"WebSite","@id":"https:\/\/stellbrink-partner.com\/site\/#website","url":"https:\/\/stellbrink-partner.com\/site\/","name":"Stellbrink &amp; Partner Patentanw\u00e4lte","description":"Patentanw\u00e4lte  mbB","potentialAction":[{"@type":"SearchAction","target":{"@type":"EntryPoint","urlTemplate":"https:\/\/stellbrink-partner.com\/site\/?s={search_term_string}"},"query-input":{"@type":"PropertyValueSpecification","valueRequired":true,"valueName":"search_term_string"}}],"inLanguage":"de"}]}},"_links":{"self":[{"href":"https:\/\/stellbrink-partner.com\/site\/wp-json\/wp\/v2\/pages\/12","targetHints":{"allow":["GET"]}}],"collection":[{"href":"https:\/\/stellbrink-partner.com\/site\/wp-json\/wp\/v2\/pages"}],"about":[{"href":"https:\/\/stellbrink-partner.com\/site\/wp-json\/wp\/v2\/types\/page"}],"author":[{"embeddable":true,"href":"https:\/\/stellbrink-partner.com\/site\/wp-json\/wp\/v2\/users\/1"}],"replies":[{"embeddable":true,"href":"https:\/\/stellbrink-partner.com\/site\/wp-json\/wp\/v2\/comments?post=12"}],"version-history":[{"count":6,"href":"https:\/\/stellbrink-partner.com\/site\/wp-json\/wp\/v2\/pages\/12\/revisions"}],"predecessor-version":[{"id":633,"href":"https:\/\/stellbrink-partner.com\/site\/wp-json\/wp\/v2\/pages\/12\/revisions\/633"}],"wp:attachment":[{"href":"https:\/\/stellbrink-partner.com\/site\/wp-json\/wp\/v2\/media?parent=12"}],"curies":[{"name":"wp","href":"https:\/\/api.w.org\/{rel}","templated":true}]}}