{"id":23,"date":"2016-05-30T17:06:36","date_gmt":"2016-05-30T15:06:36","guid":{"rendered":"http:\/\/stellbrink-partner.com\/site\/?page_id=23"},"modified":"2022-02-11T11:01:13","modified_gmt":"2022-02-11T10:01:13","slug":"ueber-uns","status":"publish","type":"page","link":"https:\/\/stellbrink-partner.com\/site\/","title":{"rendered":"\u00dcber uns"},"content":{"rendered":"<h2 style=\"text-align: justify\">Help you thrive<\/h2>\n<p style=\"text-align: justify\">Stellbrink und Partner ist eine 2016 gegr\u00fcndete Patentanwaltskanzlei, deren aktueller Fokus in den Bereichen Medizintechnik, Engineering, Physik, IT, Software und Robotics liegt. Wir haben den Anspruch, stets Arbeit h\u00f6chster Qualit\u00e4t zu leisten und den besten Service zu liefern. Im Zentrum stehen hierbei immer die Interessen unserer Mandanten, zu deren Erfolg wir beitragen und deren Vertrauen wir uns jeden Tag aufs Neue verdienen wollen.&nbsp;Wir unterst\u00fctzen unsere Mandanten in allen Bereichen des gewerblichen Rechtschutzes:<\/p>\n<div class=\"non_aboutus\">\n<div class=\"wc-shortcodes-accordion wc-shortcodes-item wc-shortcodes-accordion-collapse wc-shortcodes-accordion-layout-box\" data-behavior=\"autoclose\" data-start-state=\"collapse\">\n<div class=\"wc-shortcodes-accordion-trigger \"><a href=\"#\">Anmeldeverfahren<\/a><\/div>\n<div class=\"wc-shortcodes-accordion-content-wrapper\">\n<div class=\"wc-shortcodes-accordion-content wc-shortcodes-content\">\n<ul>\n<li>Patentanmeldungen und Neuheitsrecherchen<\/li>\n<li>Patentanmeldungsverfahren in Europa (<a href=\"http:\/\/www.epo.org\/index_de.html\">EPA<\/a>), Deutschland (<a href=\"http:\/\/www.dpma.de\/index.html\">DPMA<\/a>) und weltweit (<a href=\"http:\/\/www.wipo.int\">WIPO<\/a>), einschlie\u00dflich&nbsp;Berufungsverfahren<\/li>\n<li>Management von Patentanmeldungsverfahren f\u00fcr andere Patent\u00e4mter<\/li>\n<li>Deutsche Gebrauchsmusterverfahren<\/li>\n<\/ul>\n<\/div>\n<\/div>\n<div class=\"wc-shortcodes-accordion-trigger \"><a href=\"#\">Streit- &amp; Gerichtsverfahren<\/a><\/div>\n<div class=\"wc-shortcodes-accordion-content-wrapper\">\n<div class=\"wc-shortcodes-accordion-content wc-shortcodes-content\">\n<ul>\n<li>Einspruchsverfahren in Europa (<a href=\"http:\/\/www.epo.org\/index_de.html\">EPA<\/a>), Deutschland (<a href=\"http:\/\/www.dpma.de\/index.html\">DPMA<\/a>) und weltweit (<a href=\"http:\/\/www.wipo.int\">WIPO<\/a>), einschlie\u00dflich Berufungsverfahren<\/li>\n<li>Deutsche Nichtigkeitsverfahren f\u00fcr Patente und Gebrauchsmuster, einschlie\u00dflich Berufungsverfahren<\/li>\n<li>Validit\u00e4tsgutachten und FTO-Analysen<\/li>\n<li>Deutsche Verletzungsverfahren und Verfahren zu einstweiligen Verf\u00fcgungen<\/li>\n<li>Management von internationalen Nichtigkeits- und Verletzungsverfahren<\/li>\n<\/ul>\n<\/div>\n<\/div>\n<div class=\"wc-shortcodes-accordion-trigger \"><a href=\"#\">Bewertung &amp; Monetisierung von Innovationen<\/a><\/div>\n<div class=\"wc-shortcodes-accordion-content-wrapper\">\n<div class=\"wc-shortcodes-accordion-content wc-shortcodes-content\">\n<ul>\n<li>Due-Diligence-Pr\u00fcfungen<\/li>\n<li>Gestaltung und Verhandlungen deutscher und internationaler Lizenzerteilungen<\/li>\n<li>Deutsche und internationale Mediationen und Schiedsverfahren<\/li>\n<li>Gestaltung und Verhandlungen betreffend das Deutsche Arbeitnehmererfindungsrecht<\/li>\n<\/ul>\n<\/div>\n<\/div>\n<div class=\"wc-shortcodes-accordion-trigger \"><a href=\"#\">Innovationsstrategien<\/a><\/div>\n<div class=\"wc-shortcodes-accordion-content-wrapper\">\n<div class=\"wc-shortcodes-accordion-content wc-shortcodes-content\">\n<ul>\n<li>Proaktive Patent- und Patentportfolio-Strategien<\/li>\n<li>Realit\u00e4tsreflektierende Patentlandschaften<\/li>\n<li>Vorhersage zuk\u00fcnftiger Innovationsentwicklungen<\/li>\n<li>Umfassende Data Mining Recherchen bez\u00fcglich Trends, M\u00e4rkten und Wettbewerbern<\/li>\n<\/ul>\n<\/div>\n<\/div>\n<\/div>\n<\/div>\n<p style=\"text-align: justify\">Wir lieben unseren Beruf und m\u00f6chten&nbsp;mit unseren Mandanten, Mitarbeitern und weiteren Partnern vertrauensvoll zusammenarbeiten. Wir sind davon \u00fcberzeugt, in einer offenen und von Feedback gepr\u00e4gten Kultur die besten Ergebnisse f\u00fcr unsere Mandanten zu erzielen.<\/p>\n<p style=\"text-align: justify\">Wir sch\u00e4tzen <strong>Vielfalt<\/strong>. Es ist unsere feste Absicht, eine Arbeitsumgebung zu schaffen, die auf gegenseitigem Respekt beruht. Wir wollen, dass sich Menschen unabh\u00e4ngig von ihrem Geschlecht, Behinderungen, ihrem Gesundheitszustand, ihrer Herkunft und Abstammung, ihrer Religion, ihrem Alter, ihrer sexuellen Orientierung, ihrer Geschlechtsidentit\u00e4t und ihren politischen Ansichten entfalten k\u00f6nnen. Unser Team ist in zahlreichen Hinsichten vielf\u00e4ltig, und das ist eine Basis unseres Erfolges.<\/p>\n<p>In \u00dcbereinstimmung mit diesen Werten freuen wir uns \u00fcber neue Kollegen und Gesch\u00e4ftspartner, die eine offene und vorurteilsfreie Umgebung sch\u00e4tzen.<\/p>\n","protected":false},"excerpt":{"rendered":"<p>Help you thrive Stellbrink und Partner ist eine 2016 gegr\u00fcndete Patentanwaltskanzlei, deren aktueller Fokus in den Bereichen Medizintechnik, Engineering, Physik, IT, Software und Robotics liegt. Wir haben den Anspruch, stets Arbeit h\u00f6chster Qualit\u00e4t zu leisten und den besten Service zu liefern. Im Zentrum stehen hierbei immer die Interessen&hellip; <span class=\"read-btn\"><a class=\"read-more\" href=\"https:\/\/stellbrink-partner.com\/site\/\">Read More<\/a><\/span><\/p>\n","protected":false},"author":1,"featured_media":0,"parent":0,"menu_order":0,"comment_status":"closed","ping_status":"closed","template":"template-page-with-sidebar.php","meta":{"inline_featured_image":false,"footnotes":""},"class_list":["post-23","page","type-page","status-publish","hentry"],"yoast_head":"<!-- This site is optimized with the Yoast SEO plugin v26.8 - https:\/\/yoast.com\/product\/yoast-seo-wordpress\/ -->\n<title>\u00dcber uns - Stellbrink &amp; Partner Patentanw\u00e4lte<\/title>\n<meta name=\"description\" content=\"Help you thrive - daf\u00fcr stehen wir. Aktuell fokussieren wir uns vor allem auf die Bereiche Medizintechnik, Engineering, Physik, IT, Software und Robotics.\" \/>\n<meta name=\"robots\" content=\"index, follow, max-snippet:-1, max-image-preview:large, max-video-preview:-1\" \/>\n<link rel=\"canonical\" href=\"https:\/\/stellbrink-partner.com\/site\/\" \/>\n<meta property=\"og:locale\" content=\"de_DE\" \/>\n<meta property=\"og:type\" content=\"article\" \/>\n<meta property=\"og:title\" content=\"\u00dcber uns - Stellbrink &amp; Partner Patentanw\u00e4lte\" \/>\n<meta property=\"og:description\" content=\"Help you thrive - daf\u00fcr stehen wir. Aktuell fokussieren wir uns vor allem auf die Bereiche Medizintechnik, Engineering, Physik, IT, Software und Robotics.\" \/>\n<meta property=\"og:url\" content=\"https:\/\/stellbrink-partner.com\/site\/\" \/>\n<meta property=\"og:site_name\" content=\"Stellbrink &amp; Partner Patentanw\u00e4lte\" \/>\n<meta property=\"article:modified_time\" content=\"2022-02-11T10:01:13+00:00\" \/>\n<meta name=\"twitter:card\" content=\"summary_large_image\" \/>\n<meta name=\"twitter:label1\" content=\"Gesch\u00e4tzte Lesezeit\" \/>\n\t<meta name=\"twitter:data1\" content=\"2\u00a0Minuten\" \/>\n<script type=\"application\/ld+json\" class=\"yoast-schema-graph\">{\"@context\":\"https:\/\/schema.org\",\"@graph\":[{\"@type\":\"WebPage\",\"@id\":\"https:\/\/stellbrink-partner.com\/site\/\",\"url\":\"https:\/\/stellbrink-partner.com\/site\/\",\"name\":\"\u00dcber uns - Stellbrink &amp; Partner Patentanw\u00e4lte\",\"isPartOf\":{\"@id\":\"https:\/\/stellbrink-partner.com\/site\/#website\"},\"datePublished\":\"2016-05-30T15:06:36+00:00\",\"dateModified\":\"2022-02-11T10:01:13+00:00\",\"description\":\"Help you thrive - daf\u00fcr stehen wir. Aktuell fokussieren wir uns vor allem auf die Bereiche Medizintechnik, Engineering, Physik, IT, Software und Robotics.\",\"breadcrumb\":{\"@id\":\"https:\/\/stellbrink-partner.com\/site\/#breadcrumb\"},\"inLanguage\":\"de\",\"potentialAction\":[{\"@type\":\"ReadAction\",\"target\":[\"https:\/\/stellbrink-partner.com\/site\/\"]}]},{\"@type\":\"BreadcrumbList\",\"@id\":\"https:\/\/stellbrink-partner.com\/site\/#breadcrumb\",\"itemListElement\":[{\"@type\":\"ListItem\",\"position\":1,\"name\":\"Home\",\"item\":\"https:\/\/stellbrink-partner.com\/site\/\"},{\"@type\":\"ListItem\",\"position\":2,\"name\":\"\u00dcber uns\"}]},{\"@type\":\"WebSite\",\"@id\":\"https:\/\/stellbrink-partner.com\/site\/#website\",\"url\":\"https:\/\/stellbrink-partner.com\/site\/\",\"name\":\"Stellbrink &amp; Partner Patentanw\u00e4lte\",\"description\":\"Patentanw\u00e4lte  mbB\",\"potentialAction\":[{\"@type\":\"SearchAction\",\"target\":{\"@type\":\"EntryPoint\",\"urlTemplate\":\"https:\/\/stellbrink-partner.com\/site\/?s={search_term_string}\"},\"query-input\":{\"@type\":\"PropertyValueSpecification\",\"valueRequired\":true,\"valueName\":\"search_term_string\"}}],\"inLanguage\":\"de\"}]}<\/script>\n<!-- \/ Yoast SEO plugin. -->","yoast_head_json":{"title":"\u00dcber uns - Stellbrink &amp; Partner Patentanw\u00e4lte","description":"Help you thrive - daf\u00fcr stehen wir. Aktuell fokussieren wir uns vor allem auf die Bereiche Medizintechnik, Engineering, Physik, IT, Software und Robotics.","robots":{"index":"index","follow":"follow","max-snippet":"max-snippet:-1","max-image-preview":"max-image-preview:large","max-video-preview":"max-video-preview:-1"},"canonical":"https:\/\/stellbrink-partner.com\/site\/","og_locale":"de_DE","og_type":"article","og_title":"\u00dcber uns - Stellbrink &amp; Partner Patentanw\u00e4lte","og_description":"Help you thrive - daf\u00fcr stehen wir. Aktuell fokussieren wir uns vor allem auf die Bereiche Medizintechnik, Engineering, Physik, IT, Software und Robotics.","og_url":"https:\/\/stellbrink-partner.com\/site\/","og_site_name":"Stellbrink &amp; Partner Patentanw\u00e4lte","article_modified_time":"2022-02-11T10:01:13+00:00","twitter_card":"summary_large_image","twitter_misc":{"Gesch\u00e4tzte Lesezeit":"2\u00a0Minuten"},"schema":{"@context":"https:\/\/schema.org","@graph":[{"@type":"WebPage","@id":"https:\/\/stellbrink-partner.com\/site\/","url":"https:\/\/stellbrink-partner.com\/site\/","name":"\u00dcber uns - Stellbrink &amp; Partner Patentanw\u00e4lte","isPartOf":{"@id":"https:\/\/stellbrink-partner.com\/site\/#website"},"datePublished":"2016-05-30T15:06:36+00:00","dateModified":"2022-02-11T10:01:13+00:00","description":"Help you thrive - daf\u00fcr stehen wir. Aktuell fokussieren wir uns vor allem auf die Bereiche Medizintechnik, Engineering, Physik, IT, Software und Robotics.","breadcrumb":{"@id":"https:\/\/stellbrink-partner.com\/site\/#breadcrumb"},"inLanguage":"de","potentialAction":[{"@type":"ReadAction","target":["https:\/\/stellbrink-partner.com\/site\/"]}]},{"@type":"BreadcrumbList","@id":"https:\/\/stellbrink-partner.com\/site\/#breadcrumb","itemListElement":[{"@type":"ListItem","position":1,"name":"Home","item":"https:\/\/stellbrink-partner.com\/site\/"},{"@type":"ListItem","position":2,"name":"\u00dcber uns"}]},{"@type":"WebSite","@id":"https:\/\/stellbrink-partner.com\/site\/#website","url":"https:\/\/stellbrink-partner.com\/site\/","name":"Stellbrink &amp; Partner Patentanw\u00e4lte","description":"Patentanw\u00e4lte  mbB","potentialAction":[{"@type":"SearchAction","target":{"@type":"EntryPoint","urlTemplate":"https:\/\/stellbrink-partner.com\/site\/?s={search_term_string}"},"query-input":{"@type":"PropertyValueSpecification","valueRequired":true,"valueName":"search_term_string"}}],"inLanguage":"de"}]}},"_links":{"self":[{"href":"https:\/\/stellbrink-partner.com\/site\/wp-json\/wp\/v2\/pages\/23","targetHints":{"allow":["GET"]}}],"collection":[{"href":"https:\/\/stellbrink-partner.com\/site\/wp-json\/wp\/v2\/pages"}],"about":[{"href":"https:\/\/stellbrink-partner.com\/site\/wp-json\/wp\/v2\/types\/page"}],"author":[{"embeddable":true,"href":"https:\/\/stellbrink-partner.com\/site\/wp-json\/wp\/v2\/users\/1"}],"replies":[{"embeddable":true,"href":"https:\/\/stellbrink-partner.com\/site\/wp-json\/wp\/v2\/comments?post=23"}],"version-history":[{"count":21,"href":"https:\/\/stellbrink-partner.com\/site\/wp-json\/wp\/v2\/pages\/23\/revisions"}],"predecessor-version":[{"id":635,"href":"https:\/\/stellbrink-partner.com\/site\/wp-json\/wp\/v2\/pages\/23\/revisions\/635"}],"wp:attachment":[{"href":"https:\/\/stellbrink-partner.com\/site\/wp-json\/wp\/v2\/media?parent=23"}],"curies":[{"name":"wp","href":"https:\/\/api.w.org\/{rel}","templated":true}]}}