{"id":36,"date":"2016-05-31T10:58:09","date_gmt":"2016-05-31T08:58:09","guid":{"rendered":"http:\/\/stellbrink-partner.com\/site\/?page_id=36"},"modified":"2022-12-02T09:44:36","modified_gmt":"2022-12-02T08:44:36","slug":"karriere","status":"publish","type":"page","link":"https:\/\/stellbrink-partner.com\/site\/karriere\/","title":{"rendered":"Karriere"},"content":{"rendered":"\n<div class=\"wp-block-group\"><div class=\"wp-block-group__inner-container is-layout-flow wp-block-group-is-layout-flow\">\n<h2>Karriere<\/h2>\n<p><div class=\"wc-shortcodes-row wc-shortcodes-item wc-shortcodes-clearfix\"><div class=\"wc-shortcodes-column wc-shortcodes-content wc-shortcodes-one-half wc-shortcodes-column-first \"><\/p>\n<h3>Wer wir sind<\/h3>\n<p style=\"text-align: justify;\">Stellbrink &amp; Partner ist eine 2016 gegr\u00fcndete und schnell wachsende Patentanwaltskanzlei im Zentrum von M\u00fcnchen. Neben dem \u00fcblichen Anmeldegesch\u00e4ft beraten wir unsere Kunden umfassend zu Patentstrategien und haben auch einen besonderen Schwerpunkt bei der Durchsetzung von Patenten und bei Streitigkeiten zu deren Rechtsbestand. Unser Ziel ist es, stets Arbeit von h\u00f6chster Qualit\u00e4t zu leisten und unsere Kunden proaktiv dabei zu unterst\u00fctzen, aus Innovationen Werte zu schaffen. Unsere Kunden sind hierbei genauso international und vielf\u00e4ltig wie unser Team: Wir betreuen Start-Ups und Mittelst\u00e4ndler ebenso wie Weltmarktf\u00fchrer und gro\u00dfe b\u00f6rsennotierte Unternehmen.<\/p>\n<p><\/div><div class=\"wc-shortcodes-column wc-shortcodes-content wc-shortcodes-one-half wc-shortcodes-column-last \"><\/p>\n<h3 style=\"text-align: justify;\">Was wir bieten<\/h3>\n<p style=\"text-align: justify;\">Neben einer attraktiven Verg\u00fctung bieten wir die Mitarbeit in einem diversen, ambitionierten und motivierenden Umfeld, das von gegenseitigem Vertrauen und Wertsch\u00e4tzung gepr\u00e4gt ist. Gerne bieten wir auf Wunsch auch flexible Teilzeitmodelle und die M\u00f6glichkeit der Heimarbeit an.<\/p>\n<p><\/div><\/div><\/p>\n<h3>Wen wir suchen<\/h3>\n<div class=\"non_careers\">\n<p><div class=\"wc-shortcodes-accordion wc-shortcodes-item wc-shortcodes-accordion-collapse wc-shortcodes-accordion-layout-box\" data-behavior=\"autoclose\" data-start-state=\"collapse\"><\/p>\n<p><div class=\"wc-shortcodes-accordion-trigger \"><a href=\"#\">PATENTANWALTSFACHANGESTELLTE(R) (W\/M\/D)<\/a><\/div><div class=\"wc-shortcodes-accordion-content-wrapper\"><div class=\"wc-shortcodes-accordion-content wc-shortcodes-content\"><\/p>\n<p style=\"text-align: justify; margin-right: 12em;\">Aktuell sind wir auf der Suche nach eine*r\/m Patentanwaltsfachangestellten. Wir wollen stets den h\u00f6chsten professionellen Anspr\u00fcchen gen\u00fcgen und die beste Servicequalit\u00e4t f\u00fcr unsere Kunden bieten. Daher suchen wir Menschen, die h\u00f6chste Anspr\u00fcche an sich und ihre Umgebung stellen. Neben \u00fcberdurchschnittlichen Leistungen erwarten wir Flexibilit\u00e4t, Offenheit und Loyalit\u00e4t; Englischkenntnisse sind ein gro\u00dfer Vorteil. Wir wollen mit Menschen zusammenarbeiten, die nach dem Sinn in ihrer T\u00e4tigkeit fragen und die mit Herzblut und Eigeninitiative mitgestalten.<br \/><\/div><\/div><\/p>\n<p><div class=\"wc-shortcodes-accordion-trigger \"><a href=\"#\">Patentanwalt (m\/w\/d) Informatik, Elektrotechnik, Physik, Maschinenbau (oder \u00e4hnliche Fachrichtung)<\/a><\/div><div class=\"wc-shortcodes-accordion-content-wrapper\"><div class=\"wc-shortcodes-accordion-content wc-shortcodes-content\"><\/p>\n<p style=\"text-align: justify; margin-right: 12em;\">Wir wollen stets den h\u00f6chsten professionellen Anspr\u00fcchen gen\u00fcgen und die beste Servicequalit\u00e4t f\u00fcr unsere Kunden bieten. Wir erwarten von unseren Mitarbeitern, dass sie stets im Interesse unserer Mandanten handeln und serviceorientiert arbeiten. Daher suchen wir Patentanw\u00e4lte der oben genannten Fachrichtungen (oder \u00e4hnlicher Fachrichtungen), die h\u00f6chste Anspr\u00fcche an sich und ihre Umgebung stellen und deren bisherige professionelle und akademische Leistungen aufzeigen, dass sie diesen Anspr\u00fcchen gerecht werden.<br \/><\/div><\/div><\/p>\n<p><div class=\"wc-shortcodes-accordion-trigger \"><a href=\"#\">Initiativkontakt<\/a><\/div><div class=\"wc-shortcodes-accordion-content-wrapper\"><div class=\"wc-shortcodes-accordion-content wc-shortcodes-content\"><\/p>\n<p style=\"text-align: justify; margin-right: 12em;\">Es gibt aktuell keine Stellenausschreibung, die zu Deinem Profil passt, aber wir haben Dein Interesse geweckt und Du identifizierst Dich mit unseren Werten? Dann nimm gerne Kontakt mit uns auf \u2013 wir sind der festen \u00dcberzeugung, dass es vielf\u00e4ltige M\u00f6glichkeiten gibt, selbstmotivierte Menschen in unsere Kanzlei einzubinden.<\/p>\n<\/div>\n<div class=\"non_careers\">\n<p><\/div><\/div><br \/><\/div><\/p>\n<\/div>\n<h3>Kontakt<\/h3>\n<p>Wir konnten Dein Interesse wecken? Dann freuen wir uns auf Deine E-Mail an Simon Michels: <a href=\"mailto:careers@stellbrink-partner.com\">careers@stellbrink-partner.com<\/a>.<\/p>\n<\/div><\/div>\n","protected":false},"excerpt":{"rendered":"<p>Karriere Wer wir sind Stellbrink &amp; Partner ist eine 2016 gegr\u00fcndete und schnell wachsende Patentanwaltskanzlei im Zentrum von M\u00fcnchen. Neben dem \u00fcblichen Anmeldegesch\u00e4ft beraten wir unsere Kunden umfassend zu Patentstrategien und haben auch einen besonderen Schwerpunkt bei der Durchsetzung von Patenten und bei Streitigkeiten zu deren Rechtsbestand. Unser&hellip; <span class=\"read-btn\"><a class=\"read-more\" href=\"https:\/\/stellbrink-partner.com\/site\/karriere\/\">Read More<\/a><\/span><\/p>\n","protected":false},"author":1,"featured_media":0,"parent":0,"menu_order":0,"comment_status":"closed","ping_status":"closed","template":"","meta":{"inline_featured_image":false,"footnotes":""},"class_list":["post-36","page","type-page","status-publish","hentry"],"yoast_head":"<!-- This site is optimized with the Yoast SEO plugin v26.8 - https:\/\/yoast.com\/product\/yoast-seo-wordpress\/ -->\n<title>Bewirb Dich jetzt und mach&#039; Karriere bei uns! | Stellbrink &amp; Partner<\/title>\n<meta name=\"description\" content=\"Karriere bei S&amp;P - in einer dynamischen und international ausgerichteten Umgebung hast Du die Chance, Dich inhaltlich und pers\u00f6nlich weiterzuentwickeln.\" \/>\n<meta name=\"robots\" content=\"index, follow, max-snippet:-1, max-image-preview:large, max-video-preview:-1\" \/>\n<link rel=\"canonical\" href=\"https:\/\/stellbrink-partner.com\/site\/karriere\/\" \/>\n<meta property=\"og:locale\" content=\"de_DE\" \/>\n<meta property=\"og:type\" content=\"article\" \/>\n<meta property=\"og:title\" content=\"Bewirb Dich jetzt und mach&#039; Karriere bei uns! | Stellbrink &amp; Partner\" \/>\n<meta property=\"og:description\" content=\"Karriere bei S&amp;P - in einer dynamischen und international ausgerichteten Umgebung hast Du die Chance, Dich inhaltlich und pers\u00f6nlich weiterzuentwickeln.\" \/>\n<meta property=\"og:url\" content=\"https:\/\/stellbrink-partner.com\/site\/karriere\/\" \/>\n<meta property=\"og:site_name\" content=\"Stellbrink &amp; Partner Patentanw\u00e4lte\" \/>\n<meta property=\"article:modified_time\" content=\"2022-12-02T08:44:36+00:00\" \/>\n<meta name=\"twitter:card\" content=\"summary_large_image\" \/>\n<meta name=\"twitter:label1\" content=\"Gesch\u00e4tzte Lesezeit\" \/>\n\t<meta name=\"twitter:data1\" content=\"3\u00a0Minuten\" \/>\n<script type=\"application\/ld+json\" class=\"yoast-schema-graph\">{\"@context\":\"https:\/\/schema.org\",\"@graph\":[{\"@type\":\"WebPage\",\"@id\":\"https:\/\/stellbrink-partner.com\/site\/karriere\/\",\"url\":\"https:\/\/stellbrink-partner.com\/site\/karriere\/\",\"name\":\"Bewirb Dich jetzt und mach' Karriere bei uns! | Stellbrink & Partner\",\"isPartOf\":{\"@id\":\"https:\/\/stellbrink-partner.com\/site\/#website\"},\"datePublished\":\"2016-05-31T08:58:09+00:00\",\"dateModified\":\"2022-12-02T08:44:36+00:00\",\"description\":\"Karriere bei S&P - in einer dynamischen und international ausgerichteten Umgebung hast Du die Chance, Dich inhaltlich und pers\u00f6nlich weiterzuentwickeln.\",\"breadcrumb\":{\"@id\":\"https:\/\/stellbrink-partner.com\/site\/karriere\/#breadcrumb\"},\"inLanguage\":\"de\",\"potentialAction\":[{\"@type\":\"ReadAction\",\"target\":[\"https:\/\/stellbrink-partner.com\/site\/karriere\/\"]}]},{\"@type\":\"BreadcrumbList\",\"@id\":\"https:\/\/stellbrink-partner.com\/site\/karriere\/#breadcrumb\",\"itemListElement\":[{\"@type\":\"ListItem\",\"position\":1,\"name\":\"Home\",\"item\":\"https:\/\/stellbrink-partner.com\/site\/\"},{\"@type\":\"ListItem\",\"position\":2,\"name\":\"Karriere\"}]},{\"@type\":\"WebSite\",\"@id\":\"https:\/\/stellbrink-partner.com\/site\/#website\",\"url\":\"https:\/\/stellbrink-partner.com\/site\/\",\"name\":\"Stellbrink &amp; Partner Patentanw\u00e4lte\",\"description\":\"Patentanw\u00e4lte  mbB\",\"potentialAction\":[{\"@type\":\"SearchAction\",\"target\":{\"@type\":\"EntryPoint\",\"urlTemplate\":\"https:\/\/stellbrink-partner.com\/site\/?s={search_term_string}\"},\"query-input\":{\"@type\":\"PropertyValueSpecification\",\"valueRequired\":true,\"valueName\":\"search_term_string\"}}],\"inLanguage\":\"de\"}]}<\/script>\n<!-- \/ Yoast SEO plugin. -->","yoast_head_json":{"title":"Bewirb Dich jetzt und mach' Karriere bei uns! | Stellbrink & Partner","description":"Karriere bei S&P - in einer dynamischen und international ausgerichteten Umgebung hast Du die Chance, Dich inhaltlich und pers\u00f6nlich weiterzuentwickeln.","robots":{"index":"index","follow":"follow","max-snippet":"max-snippet:-1","max-image-preview":"max-image-preview:large","max-video-preview":"max-video-preview:-1"},"canonical":"https:\/\/stellbrink-partner.com\/site\/karriere\/","og_locale":"de_DE","og_type":"article","og_title":"Bewirb Dich jetzt und mach' Karriere bei uns! | Stellbrink & Partner","og_description":"Karriere bei S&P - in einer dynamischen und international ausgerichteten Umgebung hast Du die Chance, Dich inhaltlich und pers\u00f6nlich weiterzuentwickeln.","og_url":"https:\/\/stellbrink-partner.com\/site\/karriere\/","og_site_name":"Stellbrink &amp; Partner Patentanw\u00e4lte","article_modified_time":"2022-12-02T08:44:36+00:00","twitter_card":"summary_large_image","twitter_misc":{"Gesch\u00e4tzte Lesezeit":"3\u00a0Minuten"},"schema":{"@context":"https:\/\/schema.org","@graph":[{"@type":"WebPage","@id":"https:\/\/stellbrink-partner.com\/site\/karriere\/","url":"https:\/\/stellbrink-partner.com\/site\/karriere\/","name":"Bewirb Dich jetzt und mach' Karriere bei uns! | Stellbrink & Partner","isPartOf":{"@id":"https:\/\/stellbrink-partner.com\/site\/#website"},"datePublished":"2016-05-31T08:58:09+00:00","dateModified":"2022-12-02T08:44:36+00:00","description":"Karriere bei S&P - in einer dynamischen und international ausgerichteten Umgebung hast Du die Chance, Dich inhaltlich und pers\u00f6nlich weiterzuentwickeln.","breadcrumb":{"@id":"https:\/\/stellbrink-partner.com\/site\/karriere\/#breadcrumb"},"inLanguage":"de","potentialAction":[{"@type":"ReadAction","target":["https:\/\/stellbrink-partner.com\/site\/karriere\/"]}]},{"@type":"BreadcrumbList","@id":"https:\/\/stellbrink-partner.com\/site\/karriere\/#breadcrumb","itemListElement":[{"@type":"ListItem","position":1,"name":"Home","item":"https:\/\/stellbrink-partner.com\/site\/"},{"@type":"ListItem","position":2,"name":"Karriere"}]},{"@type":"WebSite","@id":"https:\/\/stellbrink-partner.com\/site\/#website","url":"https:\/\/stellbrink-partner.com\/site\/","name":"Stellbrink &amp; Partner Patentanw\u00e4lte","description":"Patentanw\u00e4lte  mbB","potentialAction":[{"@type":"SearchAction","target":{"@type":"EntryPoint","urlTemplate":"https:\/\/stellbrink-partner.com\/site\/?s={search_term_string}"},"query-input":{"@type":"PropertyValueSpecification","valueRequired":true,"valueName":"search_term_string"}}],"inLanguage":"de"}]}},"_links":{"self":[{"href":"https:\/\/stellbrink-partner.com\/site\/wp-json\/wp\/v2\/pages\/36","targetHints":{"allow":["GET"]}}],"collection":[{"href":"https:\/\/stellbrink-partner.com\/site\/wp-json\/wp\/v2\/pages"}],"about":[{"href":"https:\/\/stellbrink-partner.com\/site\/wp-json\/wp\/v2\/types\/page"}],"author":[{"embeddable":true,"href":"https:\/\/stellbrink-partner.com\/site\/wp-json\/wp\/v2\/users\/1"}],"replies":[{"embeddable":true,"href":"https:\/\/stellbrink-partner.com\/site\/wp-json\/wp\/v2\/comments?post=36"}],"version-history":[{"count":58,"href":"https:\/\/stellbrink-partner.com\/site\/wp-json\/wp\/v2\/pages\/36\/revisions"}],"predecessor-version":[{"id":700,"href":"https:\/\/stellbrink-partner.com\/site\/wp-json\/wp\/v2\/pages\/36\/revisions\/700"}],"wp:attachment":[{"href":"https:\/\/stellbrink-partner.com\/site\/wp-json\/wp\/v2\/media?parent=36"}],"curies":[{"name":"wp","href":"https:\/\/api.w.org\/{rel}","templated":true}]}}